{"id":383,"date":"2025-08-21T17:33:31","date_gmt":"2025-08-21T22:33:31","guid":{"rendered":"https:\/\/leads.maseratiperu.com\/?page_id=383"},"modified":"2025-08-21T18:51:25","modified_gmt":"2025-08-21T23:51:25","slug":"elementor-383","status":"publish","type":"page","link":"https:\/\/leads.maseratiperu.com\/","title":{"rendered":"Elementor #383"},"content":{"rendered":"\t\t<div data-elementor-type=\"wp-page\" data-elementor-id=\"383\" class=\"elementor elementor-383\" data-elementor-post-type=\"page\">\n\t\t\t\t<div class=\"elementor-element elementor-element-30fb36bd e-con-full e-flex e-con e-parent\" data-id=\"30fb36bd\" data-element_type=\"container\" data-settings=\"{&quot;background_background&quot;:&quot;classic&quot;}\">\n\t\t\t\t<div class=\"elementor-element elementor-element-be31b23 elementor-widget elementor-widget-image\" data-id=\"be31b23\" data-element_type=\"widget\" data-widget_type=\"image.default\">\n\t\t\t\t<div class=\"elementor-widget-container\">\n\t\t\t\t\t\t\t\t\t\t\t\t\t\t\t<img decoding=\"async\" src=\"https:\/\/leads.maseratiperu.com\/wp-content\/uploads\/elementor\/thumbs\/log11a2-ralrnss9xulxrwjmj5vxx1njyuj6g1prgd1xuu7vhk.png\" title=\"log11a2.png\" alt=\"log11a2.png\" loading=\"lazy\" \/>\t\t\t\t\t\t\t\t\t\t\t\t\t\t\t<\/div>\n\t\t\t\t<\/div>\n\t\t\t\t<\/div>\n\t\t<div class=\"elementor-element elementor-element-2c2ae244 e-flex e-con-boxed e-con e-parent\" data-id=\"2c2ae244\" data-element_type=\"container\" data-settings=\"{&quot;background_background&quot;:&quot;classic&quot;}\">\n\t\t\t\t\t<div class=\"e-con-inner\">\n\t\t<div class=\"elementor-element elementor-element-5ee5cb19 e-con-full e-flex e-con e-child\" data-id=\"5ee5cb19\" data-element_type=\"container\" data-settings=\"{&quot;position&quot;:&quot;absolute&quot;}\">\n\t\t\t\t<div class=\"elementor-element elementor-element-1aab07ba animated-slow elementor-invisible elementor-widget elementor-widget-image\" data-id=\"1aab07ba\" data-element_type=\"widget\" data-settings=\"{&quot;_animation&quot;:&quot;flash&quot;}\" data-widget_type=\"image.default\">\n\t\t\t\t<div class=\"elementor-widget-container\">\n\t\t\t\t\t\t\t\t\t\t\t\t\t\t\t\t<a href=\"#esencia\">\n\t\t\t\t\t\t\t<img decoding=\"async\" width=\"65\" height=\"65\" src=\"https:\/\/leads.maseratiperu.com\/wp-content\/uploads\/2025\/08\/ghyty_05.png\" class=\"attachment-large size-large wp-image-379\" alt=\"\" \/>\t\t\t\t\t\t\t\t<\/a>\n\t\t\t\t\t\t\t\t\t\t\t\t\t\t\t<\/div>\n\t\t\t\t<\/div>\n\t\t\t\t<\/div>\n\t\t\t\t<div class=\"elementor-element elementor-element-340bc72b elementor-widget elementor-widget-menu-anchor\" data-id=\"340bc72b\" data-element_type=\"widget\" data-widget_type=\"menu-anchor.default\">\n\t\t\t\t<div class=\"elementor-widget-container\">\n\t\t\t\t\t\t\t<div class=\"elementor-menu-anchor\" id=\"esencia\"><\/div>\n\t\t\t\t\t\t<\/div>\n\t\t\t\t<\/div>\n\t\t\t\t<div class=\"elementor-element elementor-element-500b5742 elementor-widget elementor-widget-heading\" data-id=\"500b5742\" data-element_type=\"widget\" data-widget_type=\"heading.default\">\n\t\t\t\t<div class=\"elementor-widget-container\">\n\t\t\t\t\t<h2 class=\"elementor-heading-title elementor-size-default\">La esencia del lujo italiano <\/h2>\t\t\t\t<\/div>\n\t\t\t\t<\/div>\n\t\t\t\t<div class=\"elementor-element elementor-element-5098796c elementor-widget elementor-widget-text-editor\" data-id=\"5098796c\" data-element_type=\"widget\" data-widget_type=\"text-editor.default\">\n\t\t\t\t<div class=\"elementor-widget-container\">\n\t\t\t\t\t\t\t\t\t<p>Descubre la fusi\u00f3n perfecta de dise\u00f1o, rendimiento y artesan\u00eda en cada detalle de nuestros veh\u00edculos.<\/p>\t\t\t\t\t\t\t\t<\/div>\n\t\t\t\t<\/div>\n\t\t\t\t<div class=\"elementor-element elementor-element-3d0fa3a elementor-widget elementor-widget-text-editor\" data-id=\"3d0fa3a\" data-element_type=\"widget\" data-widget_type=\"text-editor.default\">\n\t\t\t\t<div class=\"elementor-widget-container\">\n\t\t\t\t\t\t\t\t\t<p>Solicitar informaci\u00f3n exclusiva<\/p>\t\t\t\t\t\t\t\t<\/div>\n\t\t\t\t<\/div>\n\t\t\t\t<div class=\"elementor-element elementor-element-17b04a69 elementor-widget elementor-widget-text-editor\" data-id=\"17b04a69\" data-element_type=\"widget\" data-widget_type=\"text-editor.default\">\n\t\t\t\t<div class=\"elementor-widget-container\">\n\t\t\t\t\t\t\t\t\t<p>Por favor, complete sus datos y un asesor se pondr\u00e1 en contacto con usted.<\/p>\t\t\t\t\t\t\t\t<\/div>\n\t\t\t\t<\/div>\n\t\t\t\t\t<\/div>\n\t\t\t\t<\/div>\n\t\t<div class=\"elementor-element elementor-element-16116346 e-flex e-con-boxed e-con e-parent\" data-id=\"16116346\" data-element_type=\"container\" data-settings=\"{&quot;background_background&quot;:&quot;classic&quot;}\">\n\t\t\t\t\t<div class=\"e-con-inner\">\n\t\t\t\t<div class=\"elementor-element elementor-element-6dcc9eed elementor-button-align-stretch elementor-widget elementor-widget-form\" data-id=\"6dcc9eed\" data-element_type=\"widget\" data-settings=\"{&quot;button_width&quot;:&quot;33&quot;,&quot;step_next_label&quot;:&quot;Next&quot;,&quot;step_previous_label&quot;:&quot;Previous&quot;,&quot;step_type&quot;:&quot;number_text&quot;,&quot;step_icon_shape&quot;:&quot;circle&quot;}\" data-widget_type=\"form.default\">\n\t\t\t\t<div class=\"elementor-widget-container\">\n\t\t\t\t\t\t\t<form class=\"elementor-form\" method=\"post\" name=\"New Form\" aria-label=\"New Form\">\n\t\t\t<input type=\"hidden\" name=\"post_id\" value=\"383\"\/>\n\t\t\t<input type=\"hidden\" name=\"form_id\" value=\"6dcc9eed\"\/>\n\t\t\t<input type=\"hidden\" name=\"referer_title\" value=\"\" \/>\n\n\t\t\t\t\t\t\t<input type=\"hidden\" name=\"queried_id\" value=\"383\"\/>\n\t\t\t\n\t\t\t<div class=\"elementor-form-fields-wrapper elementor-labels-above\">\n\t\t\t\t\t\t\t\t<div class=\"elementor-field-type-text elementor-field-group elementor-column elementor-field-group-name elementor-col-50\">\n\t\t\t\t\t\t\t\t\t\t\t\t<label for=\"form-field-name\" class=\"elementor-field-label\">\n\t\t\t\t\t\t\t\tNombre*\t\t\t\t\t\t\t<\/label>\n\t\t\t\t\t\t\t\t\t\t\t\t\t\t<input size=\"1\" type=\"text\" name=\"form_fields[name]\" id=\"form-field-name\" class=\"elementor-field elementor-size-sm  elementor-field-textual\">\n\t\t\t\t\t\t\t\t\t\t\t<\/div>\n\t\t\t\t\t\t\t\t<div class=\"elementor-field-type-text elementor-field-group elementor-column elementor-field-group-field_b0274f7 elementor-col-50\">\n\t\t\t\t\t\t\t\t\t\t\t\t<label for=\"form-field-field_b0274f7\" class=\"elementor-field-label\">\n\t\t\t\t\t\t\t\tApellido*\t\t\t\t\t\t\t<\/label>\n\t\t\t\t\t\t\t\t\t\t\t\t\t\t<input size=\"1\" type=\"text\" name=\"form_fields[field_b0274f7]\" id=\"form-field-field_b0274f7\" class=\"elementor-field elementor-size-sm  elementor-field-textual\">\n\t\t\t\t\t\t\t\t\t\t\t<\/div>\n\t\t\t\t\t\t\t\t<div class=\"elementor-field-type-email elementor-field-group elementor-column elementor-field-group-email elementor-col-50 elementor-field-required elementor-mark-required\">\n\t\t\t\t\t\t\t\t\t\t\t\t<label for=\"form-field-email\" class=\"elementor-field-label\">\n\t\t\t\t\t\t\t\tEmail*\t\t\t\t\t\t\t<\/label>\n\t\t\t\t\t\t\t\t\t\t\t\t\t\t<input size=\"1\" type=\"email\" name=\"form_fields[email]\" id=\"form-field-email\" class=\"elementor-field elementor-size-sm  elementor-field-textual\" required=\"required\">\n\t\t\t\t\t\t\t\t\t\t\t<\/div>\n\t\t\t\t\t\t\t\t<div class=\"elementor-field-type-tel elementor-field-group elementor-column elementor-field-group-field_5fa719c elementor-col-50 elementor-field-required elementor-mark-required\">\n\t\t\t\t\t\t\t\t\t\t\t\t<label for=\"form-field-field_5fa719c\" class=\"elementor-field-label\">\n\t\t\t\t\t\t\t\tTel\u00e9fono*\t\t\t\t\t\t\t<\/label>\n\t\t\t\t\t\t\t\t<input size=\"1\" type=\"tel\" name=\"form_fields[field_5fa719c]\" id=\"form-field-field_5fa719c\" class=\"elementor-field elementor-size-sm  elementor-field-textual\" required=\"required\" pattern=\"[0-9()#&amp;+*-=.]+\" title=\"Only numbers and phone characters (#, -, *, etc) are accepted.\">\n\n\t\t\t\t\t\t<\/div>\n\t\t\t\t\t\t\t\t<div class=\"elementor-field-type-text elementor-field-group elementor-column elementor-field-group-dni elementor-col-50 elementor-field-required elementor-mark-required\">\n\t\t\t\t\t\t\t\t\t\t\t\t<label for=\"form-field-dni\" class=\"elementor-field-label\">\n\t\t\t\t\t\t\t\tDNI\t\t\t\t\t\t\t<\/label>\n\t\t\t\t\t\t\t\t\t\t\t\t\t\t<input size=\"1\" type=\"text\" name=\"form_fields[dni]\" id=\"form-field-dni\" class=\"elementor-field elementor-size-sm  elementor-field-textual\" required=\"required\">\n\t\t\t\t\t\t\t\t\t\t\t<\/div>\n\t\t\t\t\t\t\t\t<div class=\"elementor-field-type-html elementor-field-group elementor-column elementor-field-group-field_8b254e0 elementor-col-100\">\n\t\t\t\t\t<label>\n  <input type=\"checkbox\" checked>\n  He le\u00eddo y acepto la <a href=\"http:\/\/arcavet.pe\/politicas-de-privacidad\/\" target=\"_blank\" rel=\"noopener noreferrer\" style=\"color: black; text-decoration: underline;\">Pol\u00edtica de Privacidad<\/a>\n<\/label>\n\t\t\t\t<\/div>\n\t\t\t\t\t\t\t\t<div class=\"elementor-field-group elementor-column elementor-field-type-submit elementor-col-33 e-form__buttons\">\n\t\t\t\t\t<button class=\"elementor-button elementor-size-sm\" type=\"submit\">\n\t\t\t\t\t\t<span class=\"elementor-button-content-wrapper\">\n\t\t\t\t\t\t\t\t\t\t\t\t\t\t\t\t\t\t\t\t\t\t<span class=\"elementor-button-text\">ENVIAR<\/span>\n\t\t\t\t\t\t\t\t\t\t\t\t\t<\/span>\n\t\t\t\t\t<\/button>\n\t\t\t\t<\/div>\n\t\t\t<\/div>\n\t\t<\/form>\n\t\t\t\t\t\t<\/div>\n\t\t\t\t<\/div>\n\t\t\t\t\t<\/div>\n\t\t\t\t<\/div>\n\t\t<div class=\"elementor-element elementor-element-ffedb68 e-flex e-con-boxed e-con e-parent\" data-id=\"ffedb68\" data-element_type=\"container\" data-settings=\"{&quot;background_background&quot;:&quot;classic&quot;}\">\n\t\t\t\t\t<div class=\"e-con-inner\">\n\t\t\t\t<div class=\"elementor-element elementor-element-afac579 elementor-widget elementor-widget-html\" data-id=\"afac579\" data-element_type=\"widget\" data-widget_type=\"html.default\">\n\t\t\t\t<div class=\"elementor-widget-container\">\n\t\t\t\t\t<script>\r\n(function(){\r\n  function initDNI(dniInput) {\r\n    if (!dniInput || dniInput.dataset.dniInit) return;\r\n    dniInput.dataset.dniInit = '1';\r\n    dniInput.setAttribute('inputmode', 'numeric');\r\n    dniInput.setAttribute('maxlength', '8');\r\n\r\n    dniInput.addEventListener('input', function () {\r\n      this.value = this.value.replace(\/\\D\/g, '').slice(0, 8);\r\n      clearError(this);\r\n    });\r\n\r\n    const form = dniInput.closest('form');\r\n    if (!form) return;\r\n\r\n    form.addEventListener('submit', function (e) {\r\n      clearError(dniInput);\r\n\r\n      \/\/ Validar DNI\r\n      if (!\/^\\d{8}$\/.test(dniInput.value)) {\r\n        e.preventDefault();\r\n        e.stopImmediatePropagation(); \/\/ Evita que Elementor siga procesando\r\n        showError(dniInput, 'El DNI debe tener exactamente 8 d\u00edgitos.');\r\n        dniInput.focus();\r\n        return false;\r\n      }\r\n\r\n      \/\/ Validar otros campos requeridos\r\n      let invalidField = null;\r\n      form.querySelectorAll('[required]').forEach(field => {\r\n        if (!field.value.trim() && !invalidField) {\r\n          invalidField = field;\r\n        }\r\n      });\r\n\r\n      if (invalidField) {\r\n        e.preventDefault();\r\n        e.stopImmediatePropagation();\r\n        invalidField.focus();\r\n        return false;\r\n      }\r\n    }, true);\r\n  }\r\n\r\n  function showError(input, msg) {\r\n    clearError(input);\r\n    const el = document.createElement('div');\r\n    el.className = 'dni-error';\r\n    el.textContent = msg;\r\n    Object.assign(el.style, {\r\n      color: '#b00020',\r\n      fontSize: '13px',\r\n      marginTop: '6px'\r\n    });\r\n    input.insertAdjacentElement('afterend', el);\r\n  }\r\n\r\n  function clearError(input) {\r\n    if (!input) return;\r\n    const next = input.nextElementSibling;\r\n    if (next && next.classList.contains('dni-error')) next.remove();\r\n  }\r\n\r\n  function findDNIandInit() {\r\n    let input = document.getElementById('dni') ||\r\n                document.querySelector('input[id*=\"dni\"], input[name=\"dni\"], input[name=\"DNI\"], input[placeholder*=\"DNI\"]');\r\n    if (!input) {\r\n      const lab = Array.from(document.querySelectorAll('label')).find(l =>\r\n        l.textContent && l.textContent.trim().toLowerCase().includes('dni')\r\n      );\r\n      if (lab) {\r\n        if (lab.htmlFor) input = document.getElementById(lab.htmlFor);\r\n        if (!input) input = lab.querySelector('input');\r\n      }\r\n    }\r\n    if (input) initDNI(input);\r\n  }\r\n\r\n  function markPrivacyCheckbox() {\r\n    const checkbox = document.querySelector('#form-field-privacidad-0') ||\r\n                     document.querySelector('input[id*=\"privacidad\"], input[name*=\"privacidad\"]');\r\n    if (!checkbox || checkbox.dataset.privChecked) return;\r\n    checkbox.dataset.privChecked = '1';\r\n    checkbox.checked = true;\r\n    checkbox.defaultChecked = true;\r\n    checkbox.dispatchEvent(new Event('input', { bubbles: true }));\r\n    checkbox.dispatchEvent(new Event('change', { bubbles: true }));\r\n  }\r\n\r\n  function scanAll() {\r\n    findDNIandInit();\r\n    markPrivacyCheckbox();\r\n  }\r\n\r\n  document.addEventListener('DOMContentLoaded', scanAll);\r\n  new MutationObserver(scanAll).observe(document.body, { childList: true, subtree: true });\r\n})();\r\n<\/script>\r\n\r\n\t\t\t\t<\/div>\n\t\t\t\t<\/div>\n\t\t\t\t\t<\/div>\n\t\t\t\t<\/div>\n\t\t<div class=\"elementor-element elementor-element-23ebe17c e-flex e-con-boxed e-con e-parent\" data-id=\"23ebe17c\" data-element_type=\"container\" data-settings=\"{&quot;background_background&quot;:&quot;classic&quot;}\">\n\t\t\t\t\t<div class=\"e-con-inner\">\n\t\t<div class=\"elementor-element elementor-element-5af69e75 e-con-full e-flex e-con e-child\" data-id=\"5af69e75\" data-element_type=\"container\" data-settings=\"{&quot;background_background&quot;:&quot;classic&quot;}\">\n\t\t\t\t<\/div>\n\t\t\t\t<div class=\"elementor-element elementor-element-6d88a4a0 elementor-widget elementor-widget-image\" data-id=\"6d88a4a0\" data-element_type=\"widget\" data-widget_type=\"image.default\">\n\t\t\t\t<div class=\"elementor-widget-container\">\n\t\t\t\t\t\t\t\t\t\t\t\t\t\t\t<img decoding=\"async\" src=\"https:\/\/leads.maseratiperu.com\/wp-content\/uploads\/elementor\/thumbs\/log11a2-ralrnss9koz6fhasib8bucr1rssy8acegvbqmb173k.png\" title=\"log11a2.png\" alt=\"log11a2.png\" loading=\"lazy\" \/>\t\t\t\t\t\t\t\t\t\t\t\t\t\t\t<\/div>\n\t\t\t\t<\/div>\n\t\t\t\t<div class=\"elementor-element elementor-element-5eeb6139 elementor-widget-divider--view-line elementor-widget elementor-widget-divider\" data-id=\"5eeb6139\" data-element_type=\"widget\" data-widget_type=\"divider.default\">\n\t\t\t\t<div class=\"elementor-widget-container\">\n\t\t\t\t\t\t\t<div class=\"elementor-divider\">\n\t\t\t<span class=\"elementor-divider-separator\">\n\t\t\t\t\t\t<\/span>\n\t\t<\/div>\n\t\t\t\t\t\t<\/div>\n\t\t\t\t<\/div>\n\t\t\t\t<div class=\"elementor-element elementor-element-11c8c201 elementor-widget elementor-widget-text-editor\" data-id=\"11c8c201\" data-element_type=\"widget\" data-widget_type=\"text-editor.default\">\n\t\t\t\t<div class=\"elementor-widget-container\">\n\t\t\t\t\t\t\t\t\t<p><a style=\"color: white; text-decoration: underline;\" href=\"http:\/\/arcavet.pe\/politicas-de-privacidad\/\" target=\"_blank\" rel=\"noopener noreferrer\">Pol\u00edtica de Privacidad<\/a><br \/><br \/>Direcci\u00f3n: Av. Rep\u00fablica de Panam\u00e1 3358, San Isidro.<br \/>Tel\u00e9fono: +51 983 284 925<br \/>Email: contacto@maseratiperu.com<br \/>\u00a9 2025 Maserati Per\u00fa. Todos los derechos reservados.\u00a0<\/p>\t\t\t\t\t\t\t\t<\/div>\n\t\t\t\t<\/div>\n\t\t\t\t<div class=\"elementor-element elementor-element-6a330307 elementor-widget-divider--view-line elementor-widget elementor-widget-divider\" data-id=\"6a330307\" data-element_type=\"widget\" data-widget_type=\"divider.default\">\n\t\t\t\t<div class=\"elementor-widget-container\">\n\t\t\t\t\t\t\t<div class=\"elementor-divider\">\n\t\t\t<span class=\"elementor-divider-separator\">\n\t\t\t\t\t\t<\/span>\n\t\t<\/div>\n\t\t\t\t\t\t<\/div>\n\t\t\t\t<\/div>\n\t\t\t\t<div class=\"elementor-element elementor-element-4113e57b elementor-shape-rounded elementor-grid-0 e-grid-align-center elementor-widget elementor-widget-social-icons\" data-id=\"4113e57b\" data-element_type=\"widget\" data-widget_type=\"social-icons.default\">\n\t\t\t\t<div class=\"elementor-widget-container\">\n\t\t\t\t\t\t\t<div class=\"elementor-social-icons-wrapper elementor-grid\" role=\"list\">\n\t\t\t\t\t\t\t<span class=\"elementor-grid-item\" role=\"listitem\">\n\t\t\t\t\t<a class=\"elementor-icon elementor-social-icon elementor-social-icon-facebook-f elementor-repeater-item-391f9b4\" href=\"https:\/\/www.facebook.com\/maseratipe\" target=\"_blank\">\n\t\t\t\t\t\t<span class=\"elementor-screen-only\">Facebook-f<\/span>\n\t\t\t\t\t\t<svg class=\"e-font-icon-svg e-fab-facebook-f\" viewBox=\"0 0 320 512\" xmlns=\"http:\/\/www.w3.org\/2000\/svg\"><path d=\"M279.14 288l14.22-92.66h-88.91v-60.13c0-25.35 12.42-50.06 52.24-50.06h40.42V6.26S260.43 0 225.36 0c-73.22 0-121.08 44.38-121.08 124.72v70.62H22.89V288h81.39v224h100.17V288z\"><\/path><\/svg>\t\t\t\t\t<\/a>\n\t\t\t\t<\/span>\n\t\t\t\t\t\t\t<span class=\"elementor-grid-item\" role=\"listitem\">\n\t\t\t\t\t<a class=\"elementor-icon elementor-social-icon elementor-social-icon-instagram elementor-repeater-item-4b4bcd2\" href=\"https:\/\/www.instagram.com\/maseratiperu\/\" target=\"_blank\">\n\t\t\t\t\t\t<span class=\"elementor-screen-only\">Instagram<\/span>\n\t\t\t\t\t\t<svg class=\"e-font-icon-svg e-fab-instagram\" viewBox=\"0 0 448 512\" xmlns=\"http:\/\/www.w3.org\/2000\/svg\"><path d=\"M224.1 141c-63.6 0-114.9 51.3-114.9 114.9s51.3 114.9 114.9 114.9S339 319.5 339 255.9 287.7 141 224.1 141zm0 189.6c-41.1 0-74.7-33.5-74.7-74.7s33.5-74.7 74.7-74.7 74.7 33.5 74.7 74.7-33.6 74.7-74.7 74.7zm146.4-194.3c0 14.9-12 26.8-26.8 26.8-14.9 0-26.8-12-26.8-26.8s12-26.8 26.8-26.8 26.8 12 26.8 26.8zm76.1 27.2c-1.7-35.9-9.9-67.7-36.2-93.9-26.2-26.2-58-34.4-93.9-36.2-37-2.1-147.9-2.1-184.9 0-35.8 1.7-67.6 9.9-93.9 36.1s-34.4 58-36.2 93.9c-2.1 37-2.1 147.9 0 184.9 1.7 35.9 9.9 67.7 36.2 93.9s58 34.4 93.9 36.2c37 2.1 147.9 2.1 184.9 0 35.9-1.7 67.7-9.9 93.9-36.2 26.2-26.2 34.4-58 36.2-93.9 2.1-37 2.1-147.8 0-184.8zM398.8 388c-7.8 19.6-22.9 34.7-42.6 42.6-29.5 11.7-99.5 9-132.1 9s-102.7 2.6-132.1-9c-19.6-7.8-34.7-22.9-42.6-42.6-11.7-29.5-9-99.5-9-132.1s-2.6-102.7 9-132.1c7.8-19.6 22.9-34.7 42.6-42.6 29.5-11.7 99.5-9 132.1-9s102.7-2.6 132.1 9c19.6 7.8 34.7 22.9 42.6 42.6 11.7 29.5 9 99.5 9 132.1s2.7 102.7-9 132.1z\"><\/path><\/svg>\t\t\t\t\t<\/a>\n\t\t\t\t<\/span>\n\t\t\t\t\t\t\t<span class=\"elementor-grid-item\" role=\"listitem\">\n\t\t\t\t\t<a class=\"elementor-icon elementor-social-icon elementor-social-icon-linkedin-in elementor-repeater-item-6865123\" href=\"https:\/\/www.linkedin.com\/company\/maserati-lima\/\" target=\"_blank\">\n\t\t\t\t\t\t<span class=\"elementor-screen-only\">Linkedin-in<\/span>\n\t\t\t\t\t\t<svg class=\"e-font-icon-svg e-fab-linkedin-in\" viewBox=\"0 0 448 512\" xmlns=\"http:\/\/www.w3.org\/2000\/svg\"><path d=\"M100.28 448H7.4V148.9h92.88zM53.79 108.1C24.09 108.1 0 83.5 0 53.8a53.79 53.79 0 0 1 107.58 0c0 29.7-24.1 54.3-53.79 54.3zM447.9 448h-92.68V302.4c0-34.7-.7-79.2-48.29-79.2-48.29 0-55.69 37.7-55.69 76.7V448h-92.78V148.9h89.08v40.8h1.3c12.4-23.5 42.69-48.3 87.88-48.3 94 0 111.28 61.9 111.28 142.3V448z\"><\/path><\/svg>\t\t\t\t\t<\/a>\n\t\t\t\t<\/span>\n\t\t\t\t\t<\/div>\n\t\t\t\t\t\t<\/div>\n\t\t\t\t<\/div>\n\t\t\t\t\t<\/div>\n\t\t\t\t<\/div>\n\t\t\t\t<\/div>\n\t\t","protected":false},"excerpt":{"rendered":"<p>La esencia del lujo italiano Descubre la fusi\u00f3n perfecta de dise\u00f1o, rendimiento y artesan\u00eda en cada detalle de nuestros veh\u00edculos. Solicitar informaci\u00f3n exclusiva Por favor, complete sus datos y un asesor se pondr\u00e1 en contacto con usted. Pol\u00edtica de Privacidad Direcci\u00f3n: Av. Rep\u00fablica de Panam\u00e1 3358, San Isidro.Tel\u00e9fono: +51 983 284 925Email: contacto@maseratiperu.com\u00a9 2025 Maserati [&hellip;]<\/p>\n","protected":false},"author":1,"featured_media":0,"parent":0,"menu_order":0,"comment_status":"closed","ping_status":"closed","template":"elementor_canvas","meta":{"footnotes":""},"class_list":["post-383","page","type-page","status-publish","hentry"],"_links":{"self":[{"href":"https:\/\/leads.maseratiperu.com\/index.php\/wp-json\/wp\/v2\/pages\/383","targetHints":{"allow":["GET"]}}],"collection":[{"href":"https:\/\/leads.maseratiperu.com\/index.php\/wp-json\/wp\/v2\/pages"}],"about":[{"href":"https:\/\/leads.maseratiperu.com\/index.php\/wp-json\/wp\/v2\/types\/page"}],"author":[{"embeddable":true,"href":"https:\/\/leads.maseratiperu.com\/index.php\/wp-json\/wp\/v2\/users\/1"}],"replies":[{"embeddable":true,"href":"https:\/\/leads.maseratiperu.com\/index.php\/wp-json\/wp\/v2\/comments?post=383"}],"version-history":[{"count":58,"href":"https:\/\/leads.maseratiperu.com\/index.php\/wp-json\/wp\/v2\/pages\/383\/revisions"}],"predecessor-version":[{"id":453,"href":"https:\/\/leads.maseratiperu.com\/index.php\/wp-json\/wp\/v2\/pages\/383\/revisions\/453"}],"wp:attachment":[{"href":"https:\/\/leads.maseratiperu.com\/index.php\/wp-json\/wp\/v2\/media?parent=383"}],"curies":[{"name":"wp","href":"https:\/\/api.w.org\/{rel}","templated":true}]}}